{"id":3297,"date":"2018-11-07T16:56:16","date_gmt":"2018-11-07T15:56:16","guid":{"rendered":"https:\/\/hummel-mietmoebel.de\/?page_id=3297"},"modified":"2020-06-23T11:34:23","modified_gmt":"2020-06-23T09:34:23","slug":"jobs","status":"publish","type":"page","link":"https:\/\/hummel-mietmoebel.de\/en\/company\/jobs\/","title":{"rendered":"Jobs"},"content":{"rendered":"<div class=\"wpb-content-wrapper\"><p>[vc_row bg_type=&#8221;image&#8221; parallax_style=&#8221;vcpb-default&#8221; bg_image_new=&#8221;id^3098|url^https:\/\/hummel-mietmoebel.de\/wp-content\/uploads\/jobs-bei-hummel-mietmoebel.jpg|caption^null|alt^null|title^jobs-bei-hummel-mietmoebel|description^null&#8221; bg_image_repeat=&#8221;no-repeat&#8221; bg_image_posiiton=&#8221;top left&#8221; bg_override=&#8221;ex-full&#8221; el_class=&#8221;page-header&#8221;][vc_column css=&#8221;.vc_custom_1540330991655{padding-top: 0px !important;}&#8221;][\/vc_column][\/vc_row][vc_row el_class=&#8221;pt-100 pt-70-m pt-50-s&#8221;][vc_column css=&#8221;.vc_custom_1534883652261{padding-top: 0px !important;}&#8221;]<div id=\"ultimate-heading-404569d3bd047477a\" class=\"uvc-heading ult-adjust-bottom-margin ultimate-heading-404569d3bd047477a uvc-2808 h2-size uvc-heading-default-font-sizes\" data-hspacer=\"no_spacer\"  data-halign=\"center\" style=\"text-align:center\"><div class=\"uvc-heading-spacer no_spacer\" style=\"top\"><\/div><div class=\"uvc-main-heading ult-responsive\"  data-ultimate-target='.uvc-heading.ultimate-heading-404569d3bd047477a h1'  data-responsive-json-new='{\"font-size\":\"\",\"line-height\":\"\"}' ><h1 style=\"--font-weight:theme;margin-bottom:5px;\">Jobs<\/h1><\/div><\/div>[vc_column_text el_class=&#8221;f-subheadline&#8221;]<\/p>\n<p style=\"text-align: center;\">Welcome to our team.<\/p>\n<p>[\/vc_column_text][\/vc_column][\/vc_row][vc_row el_class=&#8221;pt-70 pt-60-m pt-50-s&#8221;][vc_column css=&#8221;.vc_custom_1562318665306{padding-top: 0px !important;}&#8221; offset=&#8221;vc_col-lg-offset-2 vc_col-lg-8 vc_col-md-offset-1 vc_col-md-10&#8243;][vc_column_text el_class=&#8221;mb-0&#8243;]We currently have no vacancies.[\/vc_column_text][\/vc_column][\/vc_row][vc_row el_class=&#8221;pt-70 pt-60-m pt-50-s&#8221;][vc_column css=&#8221;.vc_custom_1562318564479{padding-top: 0px !important;}&#8221; offset=&#8221;vc_col-lg-offset-2 vc_col-lg-8 vc_hidden-lg vc_col-md-offset-1 vc_col-md-10 vc_hidden-md vc_hidden-sm vc_hidden-xs&#8221;]<div id=\"ultimate-heading-648769d3bd04747f0\" class=\"uvc-heading ult-adjust-bottom-margin ultimate-heading-648769d3bd04747f0 uvc-6012 h4-size tt-none mb-30 uvc-heading-default-font-sizes\" data-hspacer=\"no_spacer\"  data-halign=\"center\" style=\"text-align:center\"><div class=\"uvc-heading-spacer no_spacer\" style=\"top\"><\/div><div class=\"uvc-main-heading ult-responsive\"  data-ultimate-target='.uvc-heading.ultimate-heading-648769d3bd04747f0 h2'  data-responsive-json-new='{\"font-size\":\"\",\"line-height\":\"\"}' ><h2 style=\"--font-weight:theme;\">Werden Sie Mitarbeiter (m\/w) mit F\u00fchrerschein Klasse II\/CE<\/h2><\/div><\/div>[vc_column_text el_class=&#8221;mb-0&#8243;]Wer sorgt eigentlich daf\u00fcr, dass alles p\u00fcnktlich beim Kunden ankommt? Sie. Mit Ihrem Einsatz im Hummel-Team, dem Top 5 der deutschen M\u00f6belvermieter. Sie wollen etwas bewegen? Genau das k\u00f6nnen Sie. Dank unserer modernen Logistikabl\u00e4ufe funktioniert die Zusammenarbeit in unserem erfahrenen Team reibungslos. Sie m\u00f6chten Teil unseres famil\u00e4ren Unternehmens werden?<\/p>\n<p>F\u00fcr unsere Logistikzentrale mit Sitz in Parsdorf bei M\u00fcnchen suchen wir Sie, zum n\u00e4chstm\u00f6glichen Zeitpunkt, in Vollzeit.[\/vc_column_text][vc_column_text el_class=&#8221;h4-size tt-none mt-50 mt-40-s mb-20&#8243;]Ihre Aufgaben[\/vc_column_text]<div class=\"standard-arrow bullet-top\"><ul>\n<li>Transport, Anlieferung und R\u00fcckholung unserer Mietm\u00f6bel f\u00fcr Messen und Events, inklusive der Vor- und Nachbereitung der Auftr\u00e4ge<\/li>\n<li>Die Be- und Entladung der LKWs<\/li>\n<\/ul>\n<\/div>[vc_column_text el_class=&#8221;h4-size tt-none mt-50 mt-40-s mb-20&#8243;]Ihr Profil[\/vc_column_text]<div class=\"standard-arrow bullet-top\"><ul>\n<li>Sie haben bereits Berufserfahrung als LKW-Fahrer (F\u00fchrerscheinklasse II\/CE) gesammelt<\/li>\n<li>Idealerweise kennen Sie sich in der Branche aus (ist aber keine Bedingung) \u2013 wichtig sind vielmehr Ihre Warenkenntnisse und sicheres Deutsch, damit das richtige Material beim entsprechenden Kunden ankommt<\/li>\n<li>Kundenorientiertes Auftreten und Handeln<\/li>\n<li>Bereitschaft zu veranstaltungsbedingter Mehrarbeit bzw. Wochenendarbeit<\/li>\n<li>Teamgeist, Flexibilit\u00e4t und die n\u00f6tige Belastbarkeit runden Ihr Profil ab<\/li>\n<\/ul>\n<\/div>[vc_column_text el_class=&#8221;h4-size tt-none mt-50 mt-40-s mb-20&#8243;]Wir bieten[\/vc_column_text]<div class=\"standard-arrow bullet-top\"><ul>\n<li>Ein angenehmes Betriebsklima, in dem die langfristige Zusammenarbeit im Vordergrund steht<\/li>\n<li>Einen modernen Fuhrpark<\/li>\n<li>Attraktives Gehalt sowie alle Leistungen eines starken Unternehmens (z.B. Sozialleistungen, leistungsorientierte Einkommensm\u00f6glichkeiten)<\/li>\n<li>Einen sicheren Arbeitsplatz<\/li>\n<li>Intensive Einarbeitung<\/li>\n<\/ul>\n<\/div>[vc_column_text el_class=&#8221;h4-size tt-none mt-50 mt-40-s mb-20&#8243;]Ihre Bewerbung[\/vc_column_text][vc_column_text]Wir freuen uns auf Ihre aussagekr\u00e4ftigen Bewerbungsunterlagen mit Lebenslauf, Zeugnissen, Gehaltsvorstellungen und fr\u00fchestem Eintrittstermin, per E-Mail an:<\/p>\n<p><a href=\"mailto:ts@hummel-mietmoebel.de\"><strong>ts@hummel-mietmoebel.de<\/strong><\/a>[\/vc_column_text][\/vc_column][\/vc_row]<\/p>\n<\/div>","protected":false},"excerpt":{"rendered":"<p>[vc_row bg_type=&#8221;image&#8221; parallax_style=&#8221;vcpb-default&#8221; bg_image_new=&#8221;id^3098|url^https:\/\/hummel-mietmoebel.de\/wp-content\/uploads\/jobs-bei-hummel-mietmoebel.jpg|caption^null|alt^null|title^jobs-bei-hummel-mietmoebel|description^null&#8221; bg_image_repeat=&#8221;no-repeat&#8221; bg_image_posiiton=&#8221;top left&#8221; bg_override=&#8221;ex-full&#8221; el_class=&#8221;page-header&#8221;][vc_column css=&#8221;.vc_custom_1540330991655{padding-top: 0px !important;}&#8221;][\/vc_column][\/vc_row][vc_row el_class=&#8221;pt-100 pt-70-m pt-50-s&#8221;][vc_column css=&#8221;.vc_custom_1534883652261{padding-top: 0px !important;}&#8221;][vc_column_text el_class=&#8221;f-subheadline&#8221;] Welcome to our team. [\/vc_column_text][\/vc_column][\/vc_row][vc_row el_class=&#8221;pt-70 pt-60-m pt-50-s&#8221;][vc_column css=&#8221;.vc_custom_1562318665306{padding-top: 0px !important;}&#8221; offset=&#8221;vc_col-lg-offset-2 vc_col-lg-8 vc_col-md-offset-1 vc_col-md-10&#8243;][vc_column_text el_class=&#8221;mb-0&#8243;]We currently have no vacancies.[\/vc_column_text][\/vc_column][\/vc_row][vc_row el_class=&#8221;pt-70 pt-60-m pt-50-s&#8221;][vc_column css=&#8221;.vc_custom_1562318564479{padding-top: 0px !important;}&#8221; offset=&#8221;vc_col-lg-offset-2 vc_col-lg-8 vc_hidden-lg vc_col-md-offset-1 vc_col-md-10 vc_hidden-md vc_hidden-sm vc_hidden-xs&#8221;][vc_column_text el_class=&#8221;mb-0&#8243;]Wer sorgt&hellip;<\/p>\n","protected":false},"author":1,"featured_media":0,"parent":8886,"menu_order":46,"comment_status":"closed","ping_status":"open","template":"","meta":{"slim_seo":{"title":"Jobs - Hummel Mietm\u00f6bel","description":"[vc_row bg_type=\"image\" parallax_style=\"vcpb-default\" bg_image_new=\"id^3098|url^https:\/\/hummel-mietmoebel.de\/wp-content\/uploads\/jobs-bei-hummel-mietmoebel.jpg|c"},"footnotes":""},"class_list":["post-3297","page","type-page","status-publish","hentry","description-off"],"_links":{"self":[{"href":"https:\/\/hummel-mietmoebel.de\/en\/wp-json\/wp\/v2\/pages\/3297","targetHints":{"allow":["GET"]}}],"collection":[{"href":"https:\/\/hummel-mietmoebel.de\/en\/wp-json\/wp\/v2\/pages"}],"about":[{"href":"https:\/\/hummel-mietmoebel.de\/en\/wp-json\/wp\/v2\/types\/page"}],"author":[{"embeddable":true,"href":"https:\/\/hummel-mietmoebel.de\/en\/wp-json\/wp\/v2\/users\/1"}],"replies":[{"embeddable":true,"href":"https:\/\/hummel-mietmoebel.de\/en\/wp-json\/wp\/v2\/comments?post=3297"}],"version-history":[{"count":0,"href":"https:\/\/hummel-mietmoebel.de\/en\/wp-json\/wp\/v2\/pages\/3297\/revisions"}],"up":[{"embeddable":true,"href":"https:\/\/hummel-mietmoebel.de\/en\/wp-json\/wp\/v2\/pages\/8886"}],"wp:attachment":[{"href":"https:\/\/hummel-mietmoebel.de\/en\/wp-json\/wp\/v2\/media?parent=3297"}],"curies":[{"name":"wp","href":"https:\/\/api.w.org\/{rel}","templated":true}]}}