{"id":51640,"date":"2024-04-29T16:40:46","date_gmt":"2024-04-29T14:40:46","guid":{"rendered":"https:\/\/hummel-mietmoebel.de\/produkt\/aluvibond-3mm-tuerfuellung-din-rechts-986x1978mm-67039861978tr\/"},"modified":"2026-01-31T01:33:44","modified_gmt":"2026-01-31T00:33:44","slug":"fuellung-aluvibond-3mm-tuerfuellung-din-rechts-986x1978mm-weiss-67039861978tr","status":"publish","type":"product","link":"https:\/\/hummel-mietmoebel.de\/en\/product\/fuellung-aluvibond-3mm-tuerfuellung-din-rechts-986x1978mm-weiss-67039861978tr\/","title":{"rendered":"ALUVIBOND 3MM T\u00fcrf\u00fcllung DIN rechts 986X1978MM"},"content":{"rendered":"<p>Einseitig mit Flauschband<\/p>\n","protected":false},"excerpt":{"rendered":"<p>F\u00fcllung<\/p>\n","protected":false},"featured_media":51638,"template":"","meta":{"slim_seo":{"title":"ALUVIBOND 3MM T\u00fcrf\u00fcllung DIN rechts 986X1978MM - Hummel Mietm\u00f6bel","description":"F\u00fcllung"}},"product_brand":[],"product_cat":[4137,4148],"product_tag":[2300],"class_list":{"0":"post-51640","1":"product","2":"type-product","3":"status-publish","4":"has-post-thumbnail","6":"product_cat-aluvision-en","7":"product_cat-frames","8":"product_tag-weiss-en","9":"description-off","11":"first","12":"instock","13":"taxable","14":"shipping-taxable","15":"purchasable","16":"product-type-simple"},"_links":{"self":[{"href":"https:\/\/hummel-mietmoebel.de\/en\/wp-json\/wp\/v2\/product\/51640","targetHints":{"allow":["GET"]}}],"collection":[{"href":"https:\/\/hummel-mietmoebel.de\/en\/wp-json\/wp\/v2\/product"}],"about":[{"href":"https:\/\/hummel-mietmoebel.de\/en\/wp-json\/wp\/v2\/types\/product"}],"wp:featuredmedia":[{"embeddable":true,"href":"https:\/\/hummel-mietmoebel.de\/en\/wp-json\/wp\/v2\/media\/51638"}],"wp:attachment":[{"href":"https:\/\/hummel-mietmoebel.de\/en\/wp-json\/wp\/v2\/media?parent=51640"}],"wp:term":[{"taxonomy":"product_brand","embeddable":true,"href":"https:\/\/hummel-mietmoebel.de\/en\/wp-json\/wp\/v2\/product_brand?post=51640"},{"taxonomy":"product_cat","embeddable":true,"href":"https:\/\/hummel-mietmoebel.de\/en\/wp-json\/wp\/v2\/product_cat?post=51640"},{"taxonomy":"product_tag","embeddable":true,"href":"https:\/\/hummel-mietmoebel.de\/en\/wp-json\/wp\/v2\/product_tag?post=51640"}],"curies":[{"name":"wp","href":"https:\/\/api.w.org\/{rel}","templated":true}]}}