{"id":51648,"date":"2024-04-29T16:51:09","date_gmt":"2024-04-29T14:51:09","guid":{"rendered":"https:\/\/hummel-mietmoebel.de\/produkt\/aluvibond-3mm-tuerfuellung-din-rechts-986x2474mm-67039862474tr\/"},"modified":"2026-01-31T01:33:45","modified_gmt":"2026-01-31T00:33:45","slug":"aluvibond-3mm-rechts-986x2474mm-tuerfuellung-weiss-67039862474tr","status":"publish","type":"product","link":"https:\/\/hummel-mietmoebel.de\/en\/product\/aluvibond-3mm-rechts-986x2474mm-tuerfuellung-weiss-67039862474tr\/","title":{"rendered":"ALUVIBOND 3MM rechts 986X2474MM, T\u00fcrf\u00fcllung wei\u00df"},"content":{"rendered":"<p>Einseitig mit Flauschband<\/p>\n","protected":false},"excerpt":{"rendered":"<p>F\u00fcllung<\/p>\n","protected":false},"featured_media":51646,"template":"","meta":{"slim_seo":{"title":"ALUVIBOND 3MM rechts 986X2474MM, T\u00fcrf\u00fcllung wei\u00df - Hummel Mietm\u00f6bel","description":"F\u00fcllung"}},"product_brand":[],"product_cat":[4137,4148],"product_tag":[2300],"class_list":{"0":"post-51648","1":"product","2":"type-product","3":"status-publish","4":"has-post-thumbnail","6":"product_cat-aluvision-en","7":"product_cat-frames","8":"product_tag-weiss-en","9":"description-off","11":"first","12":"instock","13":"taxable","14":"shipping-taxable","15":"purchasable","16":"product-type-simple"},"_links":{"self":[{"href":"https:\/\/hummel-mietmoebel.de\/en\/wp-json\/wp\/v2\/product\/51648","targetHints":{"allow":["GET"]}}],"collection":[{"href":"https:\/\/hummel-mietmoebel.de\/en\/wp-json\/wp\/v2\/product"}],"about":[{"href":"https:\/\/hummel-mietmoebel.de\/en\/wp-json\/wp\/v2\/types\/product"}],"wp:featuredmedia":[{"embeddable":true,"href":"https:\/\/hummel-mietmoebel.de\/en\/wp-json\/wp\/v2\/media\/51646"}],"wp:attachment":[{"href":"https:\/\/hummel-mietmoebel.de\/en\/wp-json\/wp\/v2\/media?parent=51648"}],"wp:term":[{"taxonomy":"product_brand","embeddable":true,"href":"https:\/\/hummel-mietmoebel.de\/en\/wp-json\/wp\/v2\/product_brand?post=51648"},{"taxonomy":"product_cat","embeddable":true,"href":"https:\/\/hummel-mietmoebel.de\/en\/wp-json\/wp\/v2\/product_cat?post=51648"},{"taxonomy":"product_tag","embeddable":true,"href":"https:\/\/hummel-mietmoebel.de\/en\/wp-json\/wp\/v2\/product_tag?post=51648"}],"curies":[{"name":"wp","href":"https:\/\/api.w.org\/{rel}","templated":true}]}}