{"id":55930,"date":"2026-03-06T14:15:18","date_gmt":"2026-03-06T13:15:18","guid":{"rendered":"https:\/\/hummel-mietmoebel.de\/produkt\/panel-tuerfuellung-weiss-3mm-986x1984mm-2teilig-fuer-aufnahme-von-sichfenster-white-67039862476tf\/"},"modified":"2026-03-06T14:15:18","modified_gmt":"2026-03-06T13:15:18","slug":"panel-tuerfuellung-weiss-3mm-986x1984mm-2teilig-fuer-aufnahme-von-sichfenster-white-67039862476tf","status":"publish","type":"product","link":"https:\/\/hummel-mietmoebel.de\/en\/product\/panel-tuerfuellung-weiss-3mm-986x1984mm-2teilig-fuer-aufnahme-von-sichfenster-white-67039862476tf\/","title":{"rendered":"T\u00fcrf\u00fcllung weiss 3MM, 986X1984MM, 2teilig f\u00fcr Aufnahme von Sichfenster"},"content":{"rendered":"<p>each one sided with Velcro<\/p>\n","protected":false},"excerpt":{"rendered":"<p>panel<\/p>\n","protected":false},"featured_media":0,"template":"","meta":{"slim_seo":{"title":"T\u00fcrf\u00fcllung weiss 3MM, 986X1984MM, 2teilig f\u00fcr Aufnahme von Sichfenster - Hummel Mietm\u00f6bel","description":"panel"}},"product_brand":[],"product_cat":[4137],"product_tag":[2300],"class_list":{"0":"post-55930","1":"product","2":"type-product","3":"status-publish","5":"product_cat-aluvision-en","6":"product_tag-weiss-en","7":"description-off","9":"first","10":"instock","11":"taxable","12":"shipping-taxable","13":"purchasable","14":"product-type-simple"},"_links":{"self":[{"href":"https:\/\/hummel-mietmoebel.de\/en\/wp-json\/wp\/v2\/product\/55930","targetHints":{"allow":["GET"]}}],"collection":[{"href":"https:\/\/hummel-mietmoebel.de\/en\/wp-json\/wp\/v2\/product"}],"about":[{"href":"https:\/\/hummel-mietmoebel.de\/en\/wp-json\/wp\/v2\/types\/product"}],"wp:attachment":[{"href":"https:\/\/hummel-mietmoebel.de\/en\/wp-json\/wp\/v2\/media?parent=55930"}],"wp:term":[{"taxonomy":"product_brand","embeddable":true,"href":"https:\/\/hummel-mietmoebel.de\/en\/wp-json\/wp\/v2\/product_brand?post=55930"},{"taxonomy":"product_cat","embeddable":true,"href":"https:\/\/hummel-mietmoebel.de\/en\/wp-json\/wp\/v2\/product_cat?post=55930"},{"taxonomy":"product_tag","embeddable":true,"href":"https:\/\/hummel-mietmoebel.de\/en\/wp-json\/wp\/v2\/product_tag?post=55930"}],"curies":[{"name":"wp","href":"https:\/\/api.w.org\/{rel}","templated":true}]}}