{"id":55972,"date":"2026-03-13T09:00:22","date_gmt":"2026-03-13T08:00:22","guid":{"rendered":"https:\/\/hummel-mietmoebel.de\/produkt\/panel-aluvibond-3mm-tuerfuellung-din-links-986x1978mm-fensterausschnitt-white-67039861978tlf\/"},"modified":"2026-03-27T14:05:20","modified_gmt":"2026-03-27T13:05:20","slug":"panel-aluvibond-3mm-tuerfuellung-din-links-986x1978mm-fensterausschnitt-white-67039861978tlf","status":"publish","type":"product","link":"https:\/\/hummel-mietmoebel.de\/en\/product\/panel-aluvibond-3mm-tuerfuellung-din-links-986x1978mm-fensterausschnitt-white-67039861978tlf\/","title":{"rendered":"ALUVIBOND 3MM T\u00fcrf\u00fcllung DIN links 986X1978MM, Fensterausschnitt"},"content":{"rendered":"<p>cutout for window A 200X800MM<br \/>one-sided VELCRO&reg;<\/p>\n","protected":false},"excerpt":{"rendered":"<p>Panel<\/p>\n","protected":false},"featured_media":0,"template":"","meta":{"slim_seo":{"title":"ALUVIBOND 3MM T\u00fcrf\u00fcllung DIN links 986X1978MM, Fensterausschnitt - Hummel Mietm\u00f6bel","description":"Panel"}},"product_brand":[],"product_cat":[4137,4148],"product_tag":[2300],"class_list":{"0":"post-55972","1":"product","2":"type-product","3":"status-publish","5":"product_cat-aluvision-en","6":"product_cat-frames","7":"product_tag-weiss-en","8":"description-off","10":"first","11":"instock","12":"taxable","13":"shipping-taxable","14":"purchasable","15":"product-type-simple"},"_links":{"self":[{"href":"https:\/\/hummel-mietmoebel.de\/en\/wp-json\/wp\/v2\/product\/55972","targetHints":{"allow":["GET"]}}],"collection":[{"href":"https:\/\/hummel-mietmoebel.de\/en\/wp-json\/wp\/v2\/product"}],"about":[{"href":"https:\/\/hummel-mietmoebel.de\/en\/wp-json\/wp\/v2\/types\/product"}],"wp:attachment":[{"href":"https:\/\/hummel-mietmoebel.de\/en\/wp-json\/wp\/v2\/media?parent=55972"}],"wp:term":[{"taxonomy":"product_brand","embeddable":true,"href":"https:\/\/hummel-mietmoebel.de\/en\/wp-json\/wp\/v2\/product_brand?post=55972"},{"taxonomy":"product_cat","embeddable":true,"href":"https:\/\/hummel-mietmoebel.de\/en\/wp-json\/wp\/v2\/product_cat?post=55972"},{"taxonomy":"product_tag","embeddable":true,"href":"https:\/\/hummel-mietmoebel.de\/en\/wp-json\/wp\/v2\/product_tag?post=55972"}],"curies":[{"name":"wp","href":"https:\/\/api.w.org\/{rel}","templated":true}]}}